{"id":48,"date":"2024-07-18T16:05:43","date_gmt":"2024-07-18T16:05:43","guid":{"rendered":"https:\/\/demo.casethemes.net\/medicross\/?page_id=48"},"modified":"2025-11-04T20:08:28","modified_gmt":"2025-11-04T20:08:28","slug":"preparer-votre-visite","status":"publish","type":"page","link":"https:\/\/cmcsa.ca\/en\/preparer-votre-visite\/","title":{"rendered":"Prepare your visit"},"content":{"rendered":"<div data-elementor-type=\"wp-page\" data-elementor-id=\"48\" class=\"elementor elementor-48\" data-elementor-post-type=\"page\">\n\t\t\t\t        <section class=\"elementor-section elementor-top-section elementor-element elementor-element-ff7ebc8 elementor-section-stretched elementor-section-boxed elementor-section-height-default elementor-section-height-default pxl-row-scroll-none pxl-zoom-point-false pxl-section-overflow-visible\" data-id=\"ff7ebc8\" data-element_type=\"section\" data-e-type=\"section\" data-settings=\"{&quot;stretch_section&quot;:&quot;section-stretched&quot;}\">\n\n                \n                <div class=\"elementor-container elementor-column-gap-extended\">\n                <div class=\"elementor-column elementor-col-100 elementor-top-column elementor-element elementor-element-3d26313 pxl-column-none\" data-id=\"3d26313\" data-element_type=\"column\" data-e-type=\"column\" data-settings=\"{&quot;background_background&quot;:&quot;classic&quot;}\">\r\n        <div class=\"elementor-widget-wrap elementor-element-populated\">\r\n                                <div class=\"elementor-background-overlay\"><\/div>\r\n         \r\n                <section class=\"elementor-section elementor-inner-section elementor-element elementor-element-5df0f73 elementor-section-content-bottom elementor-section-boxed elementor-section-height-default elementor-section-height-default pxl-row-scroll-none pxl-zoom-point-false pxl-section-overflow-visible\" data-id=\"5df0f73\" data-element_type=\"section\" data-e-type=\"section\">\n\n                \n                <div class=\"elementor-container elementor-column-gap-extended\">\n                <div class=\"elementor-column elementor-col-50 elementor-inner-column elementor-element elementor-element-30e0e6a pxl-column-none pxl-column-overflow-hidden-no\" data-id=\"30e0e6a\" data-element_type=\"column\" data-e-type=\"column\">\r\n        <div class=\"elementor-widget-wrap elementor-element-populated\">\r\n                     \r\n        \t\t<div class=\"elementor-element elementor-element-535f767 elementor-widget__width-auto elementor-widget elementor-widget-pxl_heading\" data-id=\"535f767\" data-element_type=\"widget\" data-e-type=\"widget\" data-widget_type=\"pxl_heading.default\">\n\t\t\t\t<div class=\"elementor-widget-container\">\n\t\t\t\t\t\n<div id=\"pxl-pxl_heading-535f767-2498\" class=\"pxl-heading px-sub-title-default-style\">\n\t<div class=\"pxl-heading--inner\">\n\t\t\n\t\t<h3 class=\"pxl-item--title style-default  highlight-default\" data-wow-delay=\"ms\">\n\t\t\t\t\tPrepare your visit\t\n\t\t\t\n\t\t<\/h3>\n\t\t\n\t<\/div>\n<\/div>\t\t\t\t<\/div>\n\t\t\t\t<\/div>\n\t\t            <\/div>\r\n        <\/div>\r\n                <div class=\"elementor-column elementor-col-50 elementor-inner-column elementor-element elementor-element-a8820b9 pxl-column-none pxl-column-overflow-hidden-no\" data-id=\"a8820b9\" data-element_type=\"column\" data-e-type=\"column\">\r\n        <div class=\"elementor-widget-wrap elementor-element-populated\">\r\n                     \r\n        \t\t<div class=\"elementor-element elementor-element-6e37b12 elementor-widget__width-auto elementor-widget elementor-widget-pxl_breadcrumb\" data-id=\"6e37b12\" data-element_type=\"widget\" data-e-type=\"widget\" data-widget_type=\"pxl_breadcrumb.default\">\n\t\t\t\t<div class=\"elementor-widget-container\">\n\t\t\t\t\t<div class=\"pxl-breadcrumb-wrap\">\n\t<ul class=\"pxl-breadcrumb\"><li><span class=\"breadcrumb-entry\">Home<\/span><\/li><\/ul><\/div>\t\t\t\t<\/div>\n\t\t\t\t<\/div>\n\t\t            <\/div>\r\n        <\/div>\r\n        \t\t\t<\/div>\n\t\t<\/section>\n\t\t            <\/div>\r\n        <\/div>\r\n        \t\t\t<\/div>\n\t\t<\/section>\n\t\t        <section class=\"elementor-section elementor-top-section elementor-element elementor-element-5173d85 elementor-section-stretched elementor-section-boxed elementor-section-height-default elementor-section-height-default pxl-row-scroll-none pxl-zoom-point-false pxl-section-overflow-visible\" data-id=\"5173d85\" data-element_type=\"section\" data-e-type=\"section\" data-settings=\"{&quot;stretch_section&quot;:&quot;section-stretched&quot;}\">\n\n                \n                <div class=\"elementor-container elementor-column-gap-extended\">\n                <div class=\"elementor-column elementor-col-100 elementor-top-column elementor-element elementor-element-808f591 ct-hover-box pxl-column-none pxl-column-overflow-hidden-no\" data-id=\"808f591\" data-element_type=\"column\" data-e-type=\"column\">\r\n        <div class=\"elementor-widget-wrap elementor-element-populated\">\r\n                     \r\n        \t\t<div class=\"elementor-element elementor-element-544f7fe elementor-widget elementor-widget-pxl_icon_box\" data-id=\"544f7fe\" data-element_type=\"widget\" data-e-type=\"widget\" data-widget_type=\"pxl_icon_box.default\">\n\t\t\t\t<div class=\"elementor-widget-container\">\n\t\t\t\t\t<div class=\"pxl-icon-box pxl-icon-box1 style-2 ani3\" data-wow-delay=\"ms\">\r\n    <div class=\"pxl-item--inner\">\r\n        \r\n                            <div class=\"pxl-item--icon\">\r\n                                    <i aria-hidden=\"true\" class=\"fas fa-heart\"><\/i>                                <\/div>\r\n                        <div class=\"pxl-item--meta\">\r\n            <h5 class=\"pxl-item--title el-empty\">\r\n                        How to prepare for your visit                        <\/h5>\r\n            <div class=\"pxl-item--description el-empty\"><\/div>\r\n        <\/div>\r\n    <\/div>\r\n<\/div>\t\t\t\t<\/div>\n\t\t\t\t<\/div>\n\t\t\t\t<div class=\"elementor-element elementor-element-a27f8e7 elementor-widget elementor-widget-pxl_list\" data-id=\"a27f8e7\" data-element_type=\"widget\" data-e-type=\"widget\" data-widget_type=\"pxl_list.default\">\n\t\t\t\t<div class=\"elementor-widget-container\">\n\t\t\t\t\t    <div class=\"pxl-list pxl-list1  style-2\" data-wow-delay=\"ms\">\r\n                    <div class=\"pxl--item\">\r\n                                    <div class=\"pxl-item--icon\">\r\n                        <i aria-hidden=\"true\" class=\"fas fa-dot-circle\"><\/i>                    <\/div>\r\n                                                    <div class=\"pxl-item-content\">\r\n                        <label class=\"pxl-empty\"><\/label>\r\n                        Make sure you have your medicare card with you, and that it is valid (not expired), otherwise there would be a fee to pay!                    <\/div>\r\n                            <\/div>\r\n                    <div class=\"pxl--item\">\r\n                                    <div class=\"pxl-item--icon\">\r\n                        <i aria-hidden=\"true\" class=\"fas fa-dot-circle\"><\/i>                    <\/div>\r\n                                                    <div class=\"pxl-item-content\">\r\n                        <label class=\"pxl-empty\"><\/label>\r\n                        Make sure you update your contact information (address, phone, email etc) with our secretariat so that we can reach you in case of need.                    <\/div>\r\n                            <\/div>\r\n                    <div class=\"pxl--item\">\r\n                                    <div class=\"pxl-item--icon\">\r\n                        <i aria-hidden=\"true\" class=\"fas fa-dot-circle\"><\/i>                    <\/div>\r\n                                                    <div class=\"pxl-item-content\">\r\n                        <label class=\"pxl-empty\"><\/label>\r\n                        Bring your list of medications to day. It can be provided by your pharmacist.                    <\/div>\r\n                            <\/div>\r\n                    <div class=\"pxl--item\">\r\n                                    <div class=\"pxl-item--icon\">\r\n                        <i aria-hidden=\"true\" class=\"fas fa-dot-circle\"><\/i>                    <\/div>\r\n                                                    <div class=\"pxl-item-content\">\r\n                        <label class=\"pxl-empty\"><\/label>\r\n                        If you have been recently hospitalized, bring the summary sheet of your hospitalization (if available).                    <\/div>\r\n                            <\/div>\r\n                    <div class=\"pxl--item\">\r\n                                    <div class=\"pxl-item--icon\">\r\n                        <i aria-hidden=\"true\" class=\"fas fa-dot-circle\"><\/i>                    <\/div>\r\n                                                    <div class=\"pxl-item-content\">\r\n                        <label class=\"pxl-empty\"><\/label>\r\n                        Note the questions to ask your doctor in order not to miss during your visit.                    <\/div>\r\n                            <\/div>\r\n                    <div class=\"pxl--item\">\r\n                                    <div class=\"pxl-item--icon\">\r\n                        <i aria-hidden=\"true\" class=\"fas fa-dot-circle\"><\/i>                    <\/div>\r\n                                                    <div class=\"pxl-item-content\">\r\n                        <label class=\"pxl-empty\"><\/label>\r\n                        If you have a form to fill out, go to the query tab. A fee will be charged depending on the complexity of the form.                    <\/div>\r\n                            <\/div>\r\n                    <div class=\"pxl--item\">\r\n                                    <div class=\"pxl-item--icon\">\r\n                        <i aria-hidden=\"true\" class=\"fas fa-dot-circle\"><\/i>                    <\/div>\r\n                                                    <div class=\"pxl-item-content\">\r\n                        <label class=\"pxl-empty\"><\/label>\r\n                        Please bring your results with your blood pressure, your log book blood sugar levels capillaries, if your state requires it.                    <\/div>\r\n                            <\/div>\r\n                    <div class=\"pxl--item\">\r\n                                    <div class=\"pxl-item--icon\">\r\n                        <i aria-hidden=\"true\" class=\"fas fa-dot-circle\"><\/i>                    <\/div>\r\n                                                    <div class=\"pxl-item-content\">\r\n                        <label class=\"pxl-empty\"><\/label>\r\n                        Please bring vaccination records of your child at each visit.                    <\/div>\r\n                            <\/div>\r\n                    <div class=\"pxl--item\">\r\n                                    <div class=\"pxl-item--icon\">\r\n                        <i aria-hidden=\"true\" class=\"fas fa-dot-circle\"><\/i>                    <\/div>\r\n                                                    <div class=\"pxl-item-content\">\r\n                        <label class=\"pxl-empty\"><\/label>\r\n                        Arrive on time and for the children to arrive 10-15 minutes in advance.                    <\/div>\r\n                            <\/div>\r\n                    <div class=\"pxl--item\">\r\n                                    <div class=\"pxl-item--icon\">\r\n                        <i aria-hidden=\"true\" class=\"fas fa-dot-circle\"><\/i>                    <\/div>\r\n                                                    <div class=\"pxl-item-content\">\r\n                        <label class=\"pxl-empty\"><\/label>\r\n                        If you cancel your appointment within 24 hours or less a$ 35 fee may be required                    <\/div>\r\n                            <\/div>\r\n            <\/div>\r\n\t\t\t\t<\/div>\n\t\t\t\t<\/div>\n\t\t            <\/div>\r\n        <\/div>\r\n        \t\t\t<\/div>\n\t\t<\/section>\n\t\t\t\t<\/div>","protected":false},"excerpt":{"rendered":"<p>Pr\u00e9parer votre visite Accueil Comment pr\u00e9parer votre visite Assurez-vous d&#8217;avoir votre carte d&#8217;assurance-maladie avec vous et qu&#8217;elle soit valide (non expir\u00e9e), sinon il y aurait des frais \u00e0 payer! Assurez-vous de mettre \u00e0 jour vos coordonn\u00e9es (adresse, t\u00e9l\u00e9phone, courriel, etc.) avec notre s\u00e9cr\u00e9tariat pour que l&#8217;on puisse vous rejoindre en cas de besoin. Apportez votre [&hellip;]<\/p>\n","protected":false},"author":1,"featured_media":0,"parent":0,"menu_order":0,"comment_status":"closed","ping_status":"closed","template":"elementor_header_footer","meta":{"footnotes":""},"class_list":["post-48","page","type-page","status-publish","hentry"],"_links":{"self":[{"href":"https:\/\/cmcsa.ca\/en\/wp-json\/wp\/v2\/pages\/48","targetHints":{"allow":["GET"]}}],"collection":[{"href":"https:\/\/cmcsa.ca\/en\/wp-json\/wp\/v2\/pages"}],"about":[{"href":"https:\/\/cmcsa.ca\/en\/wp-json\/wp\/v2\/types\/page"}],"author":[{"embeddable":true,"href":"https:\/\/cmcsa.ca\/en\/wp-json\/wp\/v2\/users\/1"}],"replies":[{"embeddable":true,"href":"https:\/\/cmcsa.ca\/en\/wp-json\/wp\/v2\/comments?post=48"}],"version-history":[{"count":7,"href":"https:\/\/cmcsa.ca\/en\/wp-json\/wp\/v2\/pages\/48\/revisions"}],"predecessor-version":[{"id":13931,"href":"https:\/\/cmcsa.ca\/en\/wp-json\/wp\/v2\/pages\/48\/revisions\/13931"}],"wp:attachment":[{"href":"https:\/\/cmcsa.ca\/en\/wp-json\/wp\/v2\/media?parent=48"}],"curies":[{"name":"wp","href":"https:\/\/api.w.org\/{rel}","templated":true}]}}