{"id":39,"date":"2024-07-18T16:05:04","date_gmt":"2024-07-18T16:05:04","guid":{"rendered":"https:\/\/demo.casethemes.net\/medicross\/?page_id=39"},"modified":"2025-12-24T02:26:53","modified_gmt":"2025-12-24T02:26:53","slug":"nous-joindre","status":"publish","type":"page","link":"https:\/\/cmcsa.ca\/en\/nous-joindre\/","title":{"rendered":"Contact Us"},"content":{"rendered":"<div data-elementor-type=\"wp-page\" data-elementor-id=\"39\" class=\"elementor elementor-39\" data-elementor-post-type=\"page\">\n\t\t\t\t        <section class=\"elementor-section elementor-top-section elementor-element elementor-element-e38d6e8 elementor-section-stretched elementor-section-boxed elementor-section-height-default elementor-section-height-default pxl-row-scroll-none pxl-zoom-point-false pxl-section-overflow-visible\" data-id=\"e38d6e8\" data-element_type=\"section\" data-e-type=\"section\" data-settings=\"{&quot;stretch_section&quot;:&quot;section-stretched&quot;}\">\n\n                \n                <div class=\"elementor-container elementor-column-gap-extended\">\n                <div class=\"elementor-column elementor-col-100 elementor-top-column elementor-element elementor-element-23a8516 pxl-column-none\" data-id=\"23a8516\" data-element_type=\"column\" data-e-type=\"column\" data-settings=\"{&quot;background_background&quot;:&quot;classic&quot;}\">\r\n        <div class=\"elementor-widget-wrap elementor-element-populated\">\r\n                                <div class=\"elementor-background-overlay\"><\/div>\r\n         \r\n                <section class=\"elementor-section elementor-inner-section elementor-element elementor-element-737da16 elementor-section-content-bottom elementor-section-boxed elementor-section-height-default elementor-section-height-default pxl-row-scroll-none pxl-zoom-point-false pxl-section-overflow-visible\" data-id=\"737da16\" data-element_type=\"section\" data-e-type=\"section\">\n\n                \n                <div class=\"elementor-container elementor-column-gap-extended\">\n                <div class=\"elementor-column elementor-col-50 elementor-inner-column elementor-element elementor-element-8f3959b pxl-column-none pxl-column-overflow-hidden-no\" data-id=\"8f3959b\" data-element_type=\"column\" data-e-type=\"column\">\r\n        <div class=\"elementor-widget-wrap elementor-element-populated\">\r\n                     \r\n        \t\t<div class=\"elementor-element elementor-element-bfcda48 elementor-widget__width-auto elementor-widget elementor-widget-pxl_heading\" data-id=\"bfcda48\" data-element_type=\"widget\" data-e-type=\"widget\" data-widget_type=\"pxl_heading.default\">\n\t\t\t\t<div class=\"elementor-widget-container\">\n\t\t\t\t\t\n<div id=\"pxl-pxl_heading-bfcda48-2081\" class=\"pxl-heading px-sub-title-default-style\">\n\t<div class=\"pxl-heading--inner\">\n\t\t\n\t\t<h3 class=\"pxl-item--title style-default  highlight-default\" data-wow-delay=\"ms\">\n\t\t\t\t\tContact Us\t\n\t\t\t\n\t\t<\/h3>\n\t\t\n\t<\/div>\n<\/div>\t\t\t\t<\/div>\n\t\t\t\t<\/div>\n\t\t            <\/div>\r\n        <\/div>\r\n                <div class=\"elementor-column elementor-col-50 elementor-inner-column elementor-element elementor-element-adab693 pxl-column-none pxl-column-overflow-hidden-no\" data-id=\"adab693\" data-element_type=\"column\" data-e-type=\"column\">\r\n        <div class=\"elementor-widget-wrap elementor-element-populated\">\r\n                     \r\n        \t\t<div class=\"elementor-element elementor-element-63a46ee elementor-widget__width-auto elementor-widget elementor-widget-pxl_breadcrumb\" data-id=\"63a46ee\" data-element_type=\"widget\" data-e-type=\"widget\" data-widget_type=\"pxl_breadcrumb.default\">\n\t\t\t\t<div class=\"elementor-widget-container\">\n\t\t\t\t\t<div class=\"pxl-breadcrumb-wrap\">\n\t<ul class=\"pxl-breadcrumb\"><li><span class=\"breadcrumb-entry\">Home<\/span><\/li><\/ul><\/div>\t\t\t\t<\/div>\n\t\t\t\t<\/div>\n\t\t            <\/div>\r\n        <\/div>\r\n        \t\t\t<\/div>\n\t\t<\/section>\n\t\t            <\/div>\r\n        <\/div>\r\n        \t\t\t<\/div>\n\t\t<\/section>\n\t\t        <section class=\"elementor-section elementor-top-section elementor-element elementor-element-2de2338 elementor-section-stretched elementor-section-boxed elementor-section-height-default elementor-section-height-default pxl-row-scroll-none pxl-zoom-point-false pxl-section-overflow-visible\" data-id=\"2de2338\" data-element_type=\"section\" data-e-type=\"section\" data-settings=\"{&quot;stretch_section&quot;:&quot;section-stretched&quot;}\">\n\n                \n                <div class=\"elementor-container elementor-column-gap-extended\">\n                <div class=\"elementor-column elementor-col-100 elementor-top-column elementor-element elementor-element-1901ce8 pxl-column-none\" data-id=\"1901ce8\" data-element_type=\"column\" data-e-type=\"column\">\r\n        <div class=\"elementor-widget-wrap elementor-element-populated\">\r\n                                <div class=\"elementor-background-overlay\"><\/div>\r\n         \r\n                <section class=\"elementor-section elementor-inner-section elementor-element elementor-element-ddd639d elementor-section-content-middle elementor-section-boxed elementor-section-height-default elementor-section-height-default pxl-row-scroll-none pxl-zoom-point-false pxl-section-overflow-visible\" data-id=\"ddd639d\" data-element_type=\"section\" data-e-type=\"section\">\n\n                \n                <div class=\"elementor-container elementor-column-gap-extended\">\n                <div class=\"elementor-column elementor-col-100 elementor-inner-column elementor-element elementor-element-660dbf4 pxl-column-none pxl-column-overflow-hidden-no\" data-id=\"660dbf4\" data-element_type=\"column\" data-e-type=\"column\">\r\n        <div class=\"elementor-widget-wrap elementor-element-populated\">\r\n                     \r\n        \t\t<div class=\"elementor-element elementor-element-fddf808 elementor-widget elementor-widget-pxl_text_editor\" data-id=\"fddf808\" data-element_type=\"widget\" data-e-type=\"widget\" data-widget_type=\"pxl_text_editor.default\">\n\t\t\t\t<div class=\"elementor-widget-container\">\n\t\t\t\t\t<div class=\"pxl-text-editor default\">\n\t<div class=\"pxl-item--inner  ft-gt\" data-wow-delay=\"ms\">\n\t\t<p dir=\"auto\">Please contact us if you have any questions or concerns. If you want to make an appointment, please make the request.<\/p>\t\t\n\t<\/div>\n<\/div>\t\t\t\t<\/div>\n\t\t\t\t<\/div>\n\t\t            <\/div>\r\n        <\/div>\r\n        \t\t\t<\/div>\n\t\t<\/section>\n\t\t            <\/div>\r\n        <\/div>\r\n        \t\t\t<\/div>\n\t\t<\/section>\n\t\t        <section class=\"elementor-section elementor-top-section elementor-element elementor-element-463399a elementor-section-stretched elementor-section-boxed elementor-section-height-default elementor-section-height-default pxl-row-scroll-none pxl-zoom-point-false pxl-section-overflow-visible\" data-id=\"463399a\" data-element_type=\"section\" data-e-type=\"section\" data-settings=\"{&quot;stretch_section&quot;:&quot;section-stretched&quot;}\">\n\n                \n                <div class=\"elementor-container elementor-column-gap-extended\">\n                <div class=\"elementor-column elementor-col-100 elementor-top-column elementor-element elementor-element-4fb27aa pxl-column-none pxl-column-overflow-hidden-no\" data-id=\"4fb27aa\" data-element_type=\"column\" data-e-type=\"column\">\r\n        <div class=\"elementor-widget-wrap elementor-element-populated\">\r\n                     \r\n                <section class=\"elementor-section elementor-inner-section elementor-element elementor-element-d3690d0 elementor-section-boxed elementor-section-height-default elementor-section-height-default pxl-row-scroll-none pxl-zoom-point-false pxl-section-overflow-visible\" data-id=\"d3690d0\" data-element_type=\"section\" data-e-type=\"section\">\n\n                \n                <div class=\"elementor-container elementor-column-gap-extended\">\n                <div class=\"elementor-column elementor-col-50 elementor-inner-column elementor-element elementor-element-64c13f6 hv-box1 animated-fast pxl-column-none pxl-column-overflow-hidden-no elementor-invisible\" data-id=\"64c13f6\" data-element_type=\"column\" data-e-type=\"column\" data-settings=\"{&quot;background_background&quot;:&quot;classic&quot;,&quot;animation&quot;:&quot;fadeInUp&quot;}\">\r\n        <div class=\"elementor-widget-wrap elementor-element-populated\">\r\n                     \r\n        \t\t<div class=\"elementor-element elementor-element-c1b22b6 elementor-widget__width-auto elementor-widget elementor-widget-pxl_icon\" data-id=\"c1b22b6\" data-element_type=\"widget\" data-e-type=\"widget\" data-widget_type=\"pxl_icon.default\">\n\t\t\t\t<div class=\"elementor-widget-container\">\n\t\t\t\t\t    <div class=\"pxl-icon-list pxl-icon1  style-2\" data-wow-delay=\"ms\">\r\n                                    <a class=\"elementor-repeater-item-05e5707\" >\r\n                                        <svg xmlns=\"http:\/\/www.w3.org\/2000\/svg\" id=\"Layer_1\" height=\"512\" viewbox=\"0 0 100 100\" width=\"512\"><path id=\"_x30_8.Whatsapp\" d=\"m50 10c-22.1 0-40 17.9-40 40 0 8.8 2.8 16.9 7.6 23.5l-5.5 14.5 15.9-4.6c6.3 4.2 13.9 6.6 22 6.6 22.1 0 40-17.9 40-40s-17.9-40-40-40zm21.3 56.6-4.3 4.2c-4.5 4.5-16.4-.4-26.9-11-10.5-10.5-15.2-22.4-11-26.8l4.3-4.3c1.6-1.6 4.3-1.6 6 0l6.3 6.3c2.2 2.2 1.3 6-1.6 6.9-2 .7-3.4 2.9-2.7 4.9 1.1 4.7 7.2 10.5 11.7 11.6 2 .5 4.3-.7 4.9-2.7.9-2.9 4.7-3.8 6.9-1.6l6.3 6.3c1.6 1.7 1.6 4.4.1 6.2z\"><\/path><\/svg>                                                        <\/a>\r\n                        <\/div>\r\n    \t\t\t\t<\/div>\n\t\t\t\t<\/div>\n\t\t\t\t<div class=\"elementor-element elementor-element-5fffccc elementor-widget elementor-widget-pxl_heading\" data-id=\"5fffccc\" data-element_type=\"widget\" data-e-type=\"widget\" data-widget_type=\"pxl_heading.default\">\n\t\t\t\t<div class=\"elementor-widget-container\">\n\t\t\t\t\t\n<div id=\"pxl-pxl_heading-5fffccc-3520\" class=\"pxl-heading px-sub-title-default-style\">\n\t<div class=\"pxl-heading--inner\">\n\t\t\n\t\t<h3 class=\"pxl-item--title style-default ft-gt highlight-default\" data-wow-delay=\"ms\">\n\t\t\t\t\tTelephone support\t\n\t\t\t\n\t\t<\/h3>\n\t\t\n\t<\/div>\n<\/div>\t\t\t\t<\/div>\n\t\t\t\t<\/div>\n\t\t\t\t<div class=\"elementor-element elementor-element-dd2894e elementor-widget elementor-widget-pxl_text_editor\" data-id=\"dd2894e\" data-element_type=\"widget\" data-e-type=\"widget\" data-widget_type=\"pxl_text_editor.default\">\n\t\t\t\t<div class=\"elementor-widget-container\">\n\t\t\t\t\t<div class=\"pxl-text-editor default\">\n\t<div class=\"pxl-item--inner\" data-wow-delay=\"ms\">\n\t\t<p>Notez que la ligne t\u00e9l\u00e9phonique est ferm\u00e9e entre 8h et 11h30 et de 13h \u00e0 20h. Appelez-nous du lundi au vendredi, de 8 h \u00e0 20 h, et nos adjoints vous aideront \u00e0 prendre un rendez-vous qui vous convient.<\/p>\t\t\n\t<\/div>\n<\/div>\t\t\t\t<\/div>\n\t\t\t\t<\/div>\n\t\t\t\t<div class=\"elementor-element elementor-element-1e46f89 elementor-align-center ft-gt elementor-widget elementor-widget-pxl_button\" data-id=\"1e46f89\" data-element_type=\"widget\" data-e-type=\"widget\" data-widget_type=\"pxl_button.default\">\n\t\t\t\t<div class=\"elementor-widget-container\">\n\t\t\t\t\t<div id=\"pxl-pxl_button-1e46f89-1807\" class=\"pxl-button pxl-atc-link\" data-wow-delay=\"ms\">\r\n    <a href=\"tel:8196841234\" class=\"btn  btn-glossy btn-default  bg-default inline pxl-icon--left\" data-wow-delay=\"ms\" data-target=\".pxl-page-popup-template-0\">\r\n                                            <span class=\"pxl--btn-text\" data-text=\"(819) 684 - 1234\">\r\n                        (819) 684 - 1234        <\/span>\r\n    <\/a>\r\n<\/div>\t\t\t\t<\/div>\n\t\t\t\t<\/div>\n\t\t            <\/div>\r\n        <\/div>\r\n                <div class=\"elementor-column elementor-col-50 elementor-inner-column elementor-element elementor-element-41ea95a hv-box1 animated-fast pxl-column-none pxl-column-overflow-hidden-no elementor-invisible\" data-id=\"41ea95a\" data-element_type=\"column\" data-e-type=\"column\" data-settings=\"{&quot;background_background&quot;:&quot;classic&quot;,&quot;animation&quot;:&quot;fadeInUp&quot;}\">\r\n        <div class=\"elementor-widget-wrap elementor-element-populated\">\r\n                     \r\n        \t\t<div class=\"elementor-element elementor-element-8067416 elementor-widget__width-auto elementor-widget elementor-widget-pxl_icon\" data-id=\"8067416\" data-element_type=\"widget\" data-e-type=\"widget\" data-widget_type=\"pxl_icon.default\">\n\t\t\t\t<div class=\"elementor-widget-container\">\n\t\t\t\t\t    <div class=\"pxl-icon-list pxl-icon1  style-2\" data-wow-delay=\"ms\">\r\n                                    <a class=\"elementor-repeater-item-05e5707\" >\r\n                                        <svg xmlns=\"http:\/\/www.w3.org\/2000\/svg\" fill=\"none\" height=\"32\" viewbox=\"0 0 32 32\" width=\"32\"><path d=\"m26 4h-3v-1c0-.26522-.1054-.51957-.2929-.70711-.1875-.18753-.4419-.29289-.7071-.29289s-.5196.10536-.7071.29289c-.1875.18754-.2929.44189-.2929.70711v1h-10v-1c0-.26522-.1054-.51957-.2929-.70711-.1875-.18753-.4419-.29289-.7071-.29289-.26522 0-.51957.10536-.70711.29289-.18753.18754-.29289.44189-.29289.70711v1h-3c-.53043 0-1.03914.21071-1.41421.58579-.37508.37507-.58579.88378-.58579 1.41421v20c0 .5304.21071 1.0391.58579 1.4142.37507.3751.88378.5858 1.41421.5858h20c.5304 0 1.0391-.2107 1.4142-.5858s.5858-.8838.5858-1.4142v-20c0-.53043-.2107-1.03914-.5858-1.41421-.3751-.37508-.8838-.58579-1.4142-.58579zm-4.8125 12.725-5.8375 5.5c-.0908.089-.1982.1591-.3162.2063s-.2442.0705-.3713.0687c-.2562.001-.5027-.0976-.6875-.275l-3.1625-3c-.1016-.0886-.1842-.1969-.2429-.3183-.0587-.1213-.0922-.2533-.0986-.388-.0063-.1346.0146-.2692.0615-.3956.047-.1263.119-.2419.2118-.3397s.2043-.1759.328-.2295.257-.0816.3918-.0824.2684.0257.3927.0778c.1243.0522.2368.129.3307.2257l2.475 2.35 5.15-4.85c.0944-.0917.2063-.1636.3289-.2115.1227-.0478.2536-.0707.3852-.0672.1317.0035.2612.0333.3812.0876.1199.0543.2278.132.3172.2286.1821.1924.2805.4492.2734.714-.007.2648-.1188.516-.3109.6985zm4.8125-6.725h-20v-4h3v1c0 .26522.10536.51957.29289.70711.18754.18753.44189.29289.70711.29289.2652 0 .5196-.10536.7071-.29289.1875-.18754.2929-.44189.2929-.70711v-1h10v1c0 .26522.1054.51957.2929.70711.1875.18753.4419.29289.7071.29289s.5196-.10536.7071-.29289c.1875-.18754.2929-.44189.2929-.70711v-1h3z\" fill=\"rgb(0,0,0)\"><\/path><\/svg>                                                        <\/a>\r\n                        <\/div>\r\n    \t\t\t\t<\/div>\n\t\t\t\t<\/div>\n\t\t\t\t<div class=\"elementor-element elementor-element-7d10fd7 elementor-widget elementor-widget-pxl_heading\" data-id=\"7d10fd7\" data-element_type=\"widget\" data-e-type=\"widget\" data-widget_type=\"pxl_heading.default\">\n\t\t\t\t<div class=\"elementor-widget-container\">\n\t\t\t\t\t\n<div id=\"pxl-pxl_heading-7d10fd7-2862\" class=\"pxl-heading px-sub-title-default-style\">\n\t<div class=\"pxl-heading--inner\">\n\t\t\n\t\t<h3 class=\"pxl-item--title style-default ft-gt highlight-default\" data-wow-delay=\"ms\">\n\t\t\t\t\tMake an appointment\t\n\t\t\t\n\t\t<\/h3>\n\t\t\n\t<\/div>\n<\/div>\t\t\t\t<\/div>\n\t\t\t\t<\/div>\n\t\t\t\t<div class=\"elementor-element elementor-element-51193b5 elementor-widget elementor-widget-pxl_text_editor\" data-id=\"51193b5\" data-element_type=\"widget\" data-e-type=\"widget\" data-widget_type=\"pxl_text_editor.default\">\n\t\t\t\t<div class=\"elementor-widget-container\">\n\t\t\t\t\t<div class=\"pxl-text-editor default\">\n\t<div class=\"pxl-item--inner\" data-wow-delay=\"ms\">\n\t\t<p>Make an appointment with us so that we can directly examine your state of health.<\/p>\t\t\n\t<\/div>\n<\/div>\t\t\t\t<\/div>\n\t\t\t\t<\/div>\n\t\t\t\t<div class=\"elementor-element elementor-element-7d5b779 elementor-align-center ft-gt elementor-widget elementor-widget-pxl_button\" data-id=\"7d5b779\" data-element_type=\"widget\" data-e-type=\"widget\" data-widget_type=\"pxl_button.default\">\n\t\t\t\t<div class=\"elementor-widget-container\">\n\t\t\t\t\t<div id=\"pxl-pxl_button-7d5b779-6106\" class=\"pxl-button pxl-atc-link\" data-wow-delay=\"ms\">\r\n    <a href=\"https:\/\/www.rvsq.gouv.qc.ca\/accueil\/index.html?ReturnUrl=%2Ffr%2Fpublic%2FPages%2Faccueil.aspx\" class=\"btn  btn-glossy btn-default  bg-default inline pxl-icon--right\" data-wow-delay=\"ms\" data-target=\".pxl-page-popup-template-0\">\r\n                    <svg xmlns=\"http:\/\/www.w3.org\/2000\/svg\" viewbox=\"0 0 24 24\" width=\"512\" style=\"transform:scalex(-1);height:auto;\" data-name=\"Layer 2\"><path d=\"m22 11h-17.586l5.293-5.293a1 1 0 1 0 -1.414-1.414l-7 7a1 1 0 0 0 0 1.414l7 7a1 1 0 0 0 1.414-1.414l-5.293-5.293h17.586a1 1 0 0 0 0-2z\"><\/path><\/svg>                        <span class=\"pxl--btn-text\" data-text=\"Prendre rendez-vous\">\r\n                        Make an appointment        <\/span>\r\n    <\/a>\r\n<\/div>\t\t\t\t<\/div>\n\t\t\t\t<\/div>\n\t\t            <\/div>\r\n        <\/div>\r\n        \t\t\t<\/div>\n\t\t<\/section>\n\t\t            <\/div>\r\n        <\/div>\r\n        \t\t\t<\/div>\n\t\t<\/section>\n\t\t        <section class=\"elementor-section elementor-top-section elementor-element elementor-element-ca42e8f elementor-section-stretched elementor-section-boxed elementor-section-height-default elementor-section-height-default pxl-row-scroll-none pxl-zoom-point-false pxl-section-overflow-visible\" data-id=\"ca42e8f\" data-element_type=\"section\" data-e-type=\"section\" data-settings=\"{&quot;stretch_section&quot;:&quot;section-stretched&quot;}\">\n\n                \n                <div class=\"elementor-container elementor-column-gap-extended\">\n                <div class=\"elementor-column elementor-col-100 elementor-top-column elementor-element elementor-element-9b1b611 pxl-column-none pxl-column-overflow-hidden-no\" data-id=\"9b1b611\" data-element_type=\"column\" data-e-type=\"column\">\r\n        <div class=\"elementor-widget-wrap elementor-element-populated\">\r\n                     \r\n        \t\t<div class=\"elementor-element elementor-element-3c79e83 elementor-widget__width-initial elementor-widget-mobile__width-inherit elementor-widget elementor-widget-pxl_icon_box\" data-id=\"3c79e83\" data-element_type=\"widget\" data-e-type=\"widget\" data-widget_type=\"pxl_icon_box.default\">\n\t\t\t\t<div class=\"elementor-widget-container\">\n\t\t\t\t\t<div class=\"pxl-icon-box pxl-icon-box1 style-2 ani3\" data-wow-delay=\"ms\">\r\n    <div class=\"pxl-item--inner\">\r\n        \r\n                            <div class=\"pxl-item--icon\">\r\n                                    <svg xmlns=\"http:\/\/www.w3.org\/2000\/svg\" width=\"32\" height=\"32\" fill=\"#000000\" viewbox=\"0 0 256 256\"><path d=\"M128,64a40,40,0,1,0,40,40A40,40,0,0,0,128,64Zm0,64a24,24,0,1,1,24-24A24,24,0,0,1,128,128Zm0-112a88.1,88.1,0,0,0-88,88c0,31.4,14.51,64.68,42,96.25a254.19,254.19,0,0,0,41.45,38.3,8,8,0,0,0,9.18,0A254.19,254.19,0,0,0,174,200.25c27.45-31.57,42-64.85,42-96.25A88.1,88.1,0,0,0,128,16Zm0,206c-16.53-13-72-60.75-72-118a72,72,0,0,1,144,0C200,161.23,144.53,209,128,222Z\"><\/path><\/svg>                                <\/div>\r\n                        <div class=\"pxl-item--meta\">\r\n            <h5 class=\"pxl-item--title el-empty\">\r\n                        Business address                        <\/h5>\r\n            <div class=\"pxl-item--description el-empty\">362 Chem. Aylmer, suite 300, Gatineau, QC J9H 1A6, Canada<\/div>\r\n        <\/div>\r\n    <\/div>\r\n<\/div>\t\t\t\t<\/div>\n\t\t\t\t<\/div>\n\t\t\t\t<div class=\"elementor-element elementor-element-db3a31f elementor-widget__width-initial elementor-widget-mobile__width-inherit elementor-widget elementor-widget-pxl_icon_box\" data-id=\"db3a31f\" data-element_type=\"widget\" data-e-type=\"widget\" data-widget_type=\"pxl_icon_box.default\">\n\t\t\t\t<div class=\"elementor-widget-container\">\n\t\t\t\t\t<div class=\"pxl-icon-box pxl-icon-box1 style-2 ani3\" data-wow-delay=\"ms\">\r\n    <div class=\"pxl-item--inner\">\r\n        \r\n                            <div class=\"pxl-item--icon\">\r\n                                    <svg xmlns=\"http:\/\/www.w3.org\/2000\/svg\" width=\"32\" height=\"32\" fill=\"#000000\" viewbox=\"0 0 256 256\"><path d=\"M168,112a8,8,0,0,1-8,8H96a8,8,0,0,1,0-16h64A8,8,0,0,1,168,112Zm-8,24H96a8,8,0,0,0,0,16h64a8,8,0,0,0,0-16Zm72-12A100.11,100.11,0,0,1,132,224H47.67A15.69,15.69,0,0,1,32,208.33V124a100,100,0,0,1,200,0Zm-16,0a84,84,0,0,0-168,0v84h84A84.09,84.09,0,0,0,216,124Z\"><\/path><\/svg>                                <\/div>\r\n                        <div class=\"pxl-item--meta\">\r\n            <h5 class=\"pxl-item--title el-empty\">\r\n                        Contact us                        <\/h5>\r\n            <div class=\"pxl-item--description el-empty\">\nTel : (819) 684-9858<br>\n\nFax : (819) 684 -1240<br>\n\nE-mail : adjointecmcsa@outlook.com<\/div>\r\n        <\/div>\r\n    <\/div>\r\n<\/div>\t\t\t\t<\/div>\n\t\t\t\t<\/div>\n\t\t\t\t<div class=\"elementor-element elementor-element-5744193 elementor-widget__width-initial elementor-widget-mobile__width-inherit elementor-widget elementor-widget-pxl_icon_box\" data-id=\"5744193\" data-element_type=\"widget\" data-e-type=\"widget\" data-widget_type=\"pxl_icon_box.default\">\n\t\t\t\t<div class=\"elementor-widget-container\">\n\t\t\t\t\t<div class=\"pxl-icon-box pxl-icon-box1 style-2 ani3\" data-wow-delay=\"ms\">\r\n    <div class=\"pxl-item--inner\">\r\n        \r\n                            <div class=\"pxl-item--icon\">\r\n                                    <svg xmlns=\"http:\/\/www.w3.org\/2000\/svg\" width=\"32\" height=\"32\" fill=\"#000000\" viewbox=\"0 0 256 256\"><path d=\"M128,32a96,96,0,1,0,96,96A96.11,96.11,0,0,0,128,32Zm0,176a80,80,0,1,1,80-80A80.09,80.09,0,0,1,128,208ZM61.66,29.66l-32,32A8,8,0,0,1,18.34,50.34l32-32A8,8,0,1,1,61.66,29.66Zm176,32a8,8,0,0,1-11.32,0l-32-32a8,8,0,0,1,11.32-11.32l32,32A8,8,0,0,1,237.66,61.66ZM184,120a8,8,0,0,1,0,16H128a8,8,0,0,1-8-8V72a8,8,0,0,1,16,0v48Z\"><\/path><\/svg>                                <\/div>\r\n                        <div class=\"pxl-item--meta\">\r\n            <h5 class=\"pxl-item--title el-empty\">\r\n                        Opening hours                        <\/h5>\r\n            <div class=\"pxl-item--description el-empty\">L'horaire peut \u00eatre sujet \u00e0 des changements: Appeler avant de vous d\u00e9placer<br>Lundi \u2013 Vendredi : 8h00-20h00<br>\n\nTuesday or Friday (if the on-call annex clinic is open): 8:00 AM - 5:00 PM<br>\n\nSamedi \u2013 Dimanche : 8h00-12h00<br>\n\nPublic holidays: 8:00am-12:00pm<br><br>\n\nHeures d\u2019ouverture de la ligne t\u00e9l\u00e9phonique :<br>\n\nLundi \u2013 Vendredi : 8h00-11h30 et 13h00-20h00 <br>\n\nSamedi \u2013 Dimanche et jours f\u00e9ri\u00e9s : 8h00-12h00<\/div>\r\n        <\/div>\r\n    <\/div>\r\n<\/div>\t\t\t\t<\/div>\n\t\t\t\t<\/div>\n\t\t\t\t<div class=\"elementor-element elementor-element-28a297a elementor-widget elementor-widget-google_maps\" data-id=\"28a297a\" data-element_type=\"widget\" data-e-type=\"widget\" data-widget_type=\"google_maps.default\">\n\t\t\t\t<div class=\"elementor-widget-container\">\n\t\t\t\t\t\t\t<div class=\"elementor-custom-embed\">\n\t\t\t<iframe loading=\"lazy\"\n\t\t\t\t\tsrc=\"https:\/\/maps.google.com\/maps?q=362%20Chem.%20d%27Aylmer%20bureau%20300%2C%20Gatineau%2C%20QC%20J9H%201A6&#038;t=m&#038;z=15&#038;output=embed&#038;iwloc=near\"\n\t\t\t\t\ttitle=\"362 Chem. Aylmer, suite 300, Gatineau, QC J9H 1A6\"\n\t\t\t\t\taria-label=\"362 Chem. Aylmer, suite 300, Gatineau, QC J9H 1A6\"\n\t\t\t><\/iframe>\n\t\t<\/div>\n\t\t\t\t\t\t<\/div>\n\t\t\t\t<\/div>\n\t\t            <\/div>\r\n        <\/div>\r\n        \t\t\t<\/div>\n\t\t<\/section>\n\t\t\t\t<\/div>","protected":false},"excerpt":{"rendered":"<p>Nous Joindre Accueil Contactez-nous si vous avez des questions ou des pr\u00e9occupations. Si vous souhaitez prendre rendez-vous, veuillez en faire la demande. Assistance t\u00e9l\u00e9phonique Notez que la ligne t\u00e9l\u00e9phonique est ferm\u00e9e entre 8h et 11h30 et de 13h \u00e0 20h. Appelez-nous du lundi au vendredi, de 8 h \u00e0 20 h, et nos adjoints vous [&hellip;]<\/p>\n","protected":false},"author":1,"featured_media":0,"parent":0,"menu_order":0,"comment_status":"closed","ping_status":"closed","template":"elementor_header_footer","meta":{"footnotes":""},"class_list":["post-39","page","type-page","status-publish","hentry"],"_links":{"self":[{"href":"https:\/\/cmcsa.ca\/en\/wp-json\/wp\/v2\/pages\/39","targetHints":{"allow":["GET"]}}],"collection":[{"href":"https:\/\/cmcsa.ca\/en\/wp-json\/wp\/v2\/pages"}],"about":[{"href":"https:\/\/cmcsa.ca\/en\/wp-json\/wp\/v2\/types\/page"}],"author":[{"embeddable":true,"href":"https:\/\/cmcsa.ca\/en\/wp-json\/wp\/v2\/users\/1"}],"replies":[{"embeddable":true,"href":"https:\/\/cmcsa.ca\/en\/wp-json\/wp\/v2\/comments?post=39"}],"version-history":[{"count":52,"href":"https:\/\/cmcsa.ca\/en\/wp-json\/wp\/v2\/pages\/39\/revisions"}],"predecessor-version":[{"id":14256,"href":"https:\/\/cmcsa.ca\/en\/wp-json\/wp\/v2\/pages\/39\/revisions\/14256"}],"wp:attachment":[{"href":"https:\/\/cmcsa.ca\/en\/wp-json\/wp\/v2\/media?parent=39"}],"curies":[{"name":"wp","href":"https:\/\/api.w.org\/{rel}","templated":true}]}}