{"id":13622,"date":"2025-10-07T05:17:05","date_gmt":"2025-10-07T05:17:05","guid":{"rendered":"https:\/\/cmcsa.ca\/?page_id=13622"},"modified":"2025-11-11T16:26:16","modified_gmt":"2025-11-11T16:26:16","slug":"information-covid-19","status":"publish","type":"page","link":"https:\/\/cmcsa.ca\/en\/information-covid-19\/","title":{"rendered":"Information COVID-19"},"content":{"rendered":"<div data-elementor-type=\"wp-page\" data-elementor-id=\"13622\" class=\"elementor elementor-13622\" data-elementor-post-type=\"page\">\n\t\t\t\t        <section class=\"elementor-section elementor-top-section elementor-element elementor-element-9246bcd elementor-section-stretched animated-slow elementor-section-boxed elementor-section-height-default elementor-section-height-default pxl-row-scroll-none pxl-zoom-point-false pxl-section-overflow-visible elementor-invisible\" data-id=\"9246bcd\" data-element_type=\"section\" data-e-type=\"section\" data-settings=\"{&quot;stretch_section&quot;:&quot;section-stretched&quot;,&quot;animation&quot;:&quot;fadeIn&quot;}\">\n\n                \n                <div class=\"elementor-container elementor-column-gap-extended\">\n                <div class=\"elementor-column elementor-col-100 elementor-top-column elementor-element elementor-element-db17f5b pxl-column-overflow-hidden-yes pxl-column-none\" data-id=\"db17f5b\" data-element_type=\"column\" data-e-type=\"column\">\r\n        <div class=\"elementor-widget-wrap elementor-element-populated\">\r\n                     \r\n                <section class=\"elementor-section elementor-inner-section elementor-element elementor-element-933cf5b elementor-section-boxed elementor-section-height-default elementor-section-height-default pxl-row-scroll-none pxl-zoom-point-false pxl-section-overflow-visible\" data-id=\"933cf5b\" data-element_type=\"section\" data-e-type=\"section\" data-settings=\"{&quot;background_background&quot;:&quot;classic&quot;}\">\n\n                \n                <div class=\"elementor-container elementor-column-gap-extended\">\n                <div class=\"elementor-column elementor-col-50 elementor-inner-column elementor-element elementor-element-ce110f0 pxl-column-none pxl-column-overflow-hidden-no\" data-id=\"ce110f0\" data-element_type=\"column\" data-e-type=\"column\">\r\n        <div class=\"elementor-widget-wrap elementor-element-populated\">\r\n                     \r\n        \t\t<div class=\"elementor-element elementor-element-a37281f ft-gt elementor-widget-tablet__width-inherit elementor-widget elementor-widget-pxl_heading\" data-id=\"a37281f\" data-element_type=\"widget\" data-e-type=\"widget\" data-widget_type=\"pxl_heading.default\">\n\t\t\t\t<div class=\"elementor-widget-container\">\n\t\t\t\t\t\n<div id=\"pxl-pxl_heading-a37281f-9092\" class=\"pxl-heading px-sub-title-default-style\">\n\t<div class=\"pxl-heading--inner\">\n\t\t\t\t\t<div class=\"pxl-item--subtitle px-sub-title-default wow fadeInDown\" data-wow-delay=\"1000ms\">\n\t\t\t\t<span class=\"pxl-item--subtext\">\n\t\t\t\t\t\t\t\t\t\tGMF Crossroads Aylmer Health\t\t\t\t<\/span>\n\t\t\t<\/div>\n\t\t\n\t\t<h3 class=\"pxl-item--title style-default  highlight-default wow fadeInRight\" data-wow-delay=\"1300ms\">\n\t\t\t\t\tInformation COVID-19\t\n\t\t\t\n\t\t<\/h3>\n\t\t\n\t<\/div>\n<\/div>\t\t\t\t<\/div>\n\t\t\t\t<\/div>\n\t\t            <\/div>\r\n        <\/div>\r\n                <div class=\"elementor-column elementor-col-50 elementor-inner-column elementor-element elementor-element-166c0cf pxl-column-none pxl-column-overflow-hidden-no\" data-id=\"166c0cf\" data-element_type=\"column\" data-e-type=\"column\">\r\n        <div class=\"elementor-widget-wrap elementor-element-populated\">\r\n                     \r\n        \t\t<div class=\"elementor-element elementor-element-0f22d77 elementor-invisible elementor-widget elementor-widget-pxl_text_editor\" data-id=\"0f22d77\" data-element_type=\"widget\" data-e-type=\"widget\" data-settings=\"{&quot;_animation&quot;:&quot;fadeInDown&quot;,&quot;_animation_delay&quot;:1500}\" data-widget_type=\"pxl_text_editor.default\">\n\t\t\t\t<div class=\"elementor-widget-container\">\n\t\t\t\t\t<div class=\"pxl-text-editor default\">\n\t<div class=\"pxl-item--inner\" data-wow-delay=\"ms\">\n\t\t<p><strong>The disease coronavirus (COVID-19) in Quebec <\/strong><\/p><p>The state of public health emergency has been declared throughout quebec to put in place measures to ensure the protection of the population.<\/p>\t\t\n\t<\/div>\n<\/div>\t\t\t\t<\/div>\n\t\t\t\t<\/div>\n\t\t\t\t<div class=\"elementor-element elementor-element-3b93d51 elementor-align-center ft-gt pxl-icon-list  elementor-widget__width-auto elementor-invisible elementor-widget elementor-widget-pxl_button\" data-id=\"3b93d51\" data-element_type=\"widget\" data-e-type=\"widget\" data-settings=\"{&quot;_animation&quot;:&quot;fadeInUp&quot;,&quot;_animation_delay&quot;:1900}\" data-widget_type=\"pxl_button.default\">\n\t\t\t\t<div class=\"elementor-widget-container\">\n\t\t\t\t\t<div id=\"pxl-pxl_button-3b93d51-6197\" class=\"pxl-button pxl-atc-link\" data-wow-delay=\"ms\">\r\n    <a href=\"https:\/\/www.quebec.ca\/sante\/problemes-de-sante\/a-z\/coronavirus-2019\" class=\"btn  btn-glossy btn-default  bg-default full justify-sb pxl-icon--right\" data-wow-delay=\"ms\" data-target=\".pxl-page-popup-template-0\">\r\n                    <i aria-hidden=\"true\" class=\"flaticon flaticon-next\"><\/i>                        <span class=\"pxl--btn-text\" data-text=\"En savoir plus sur la COVID-19\">\r\n                        Learn more about COVID-19        <\/span>\r\n    <\/a>\r\n<\/div>\t\t\t\t<\/div>\n\t\t\t\t<\/div>\n\t\t            <\/div>\r\n        <\/div>\r\n        \t\t\t<\/div>\n\t\t<\/section>\n\t\t            <\/div>\r\n        <\/div>\r\n        \t\t\t<\/div>\n\t\t<\/section>\n\t\t\t\t<\/div>","protected":false},"excerpt":{"rendered":"<p>GMF Carrefour Sant\u00e9 Aylmer Information COVID-19 La maladie \u00e0 coronavirus (COVID-19) au Qu\u00e9bec L\u2019\u00e9tat d\u2019urgence sanitaire a \u00e9t\u00e9 d\u00e9clar\u00e9 sur tout le territoire qu\u00e9b\u00e9cois pour mettre en place des mesures visant \u00e0 assurer la protection de la population. En savoir plus sur la COVID-19<\/p>","protected":false},"author":1,"featured_media":0,"parent":0,"menu_order":0,"comment_status":"closed","ping_status":"closed","template":"","meta":{"footnotes":""},"class_list":["post-13622","page","type-page","status-publish","hentry"],"_links":{"self":[{"href":"https:\/\/cmcsa.ca\/en\/wp-json\/wp\/v2\/pages\/13622","targetHints":{"allow":["GET"]}}],"collection":[{"href":"https:\/\/cmcsa.ca\/en\/wp-json\/wp\/v2\/pages"}],"about":[{"href":"https:\/\/cmcsa.ca\/en\/wp-json\/wp\/v2\/types\/page"}],"author":[{"embeddable":true,"href":"https:\/\/cmcsa.ca\/en\/wp-json\/wp\/v2\/users\/1"}],"replies":[{"embeddable":true,"href":"https:\/\/cmcsa.ca\/en\/wp-json\/wp\/v2\/comments?post=13622"}],"version-history":[{"count":16,"href":"https:\/\/cmcsa.ca\/en\/wp-json\/wp\/v2\/pages\/13622\/revisions"}],"predecessor-version":[{"id":14148,"href":"https:\/\/cmcsa.ca\/en\/wp-json\/wp\/v2\/pages\/13622\/revisions\/14148"}],"wp:attachment":[{"href":"https:\/\/cmcsa.ca\/en\/wp-json\/wp\/v2\/media?parent=13622"}],"curies":[{"name":"wp","href":"https:\/\/api.w.org\/{rel}","templated":true}]}}